{"id":4477,"date":"2022-02-20T10:28:20","date_gmt":"2022-02-20T09:28:20","guid":{"rendered":"https:\/\/arquitax.com\/?page_id=4477"},"modified":"2023-04-16T22:40:55","modified_gmt":"2023-04-16T20:40:55","slug":"perfil-profesional","status":"publish","type":"page","link":"https:\/\/arquitax.com\/es\/perfil-profesional\/","title":{"rendered":"PERFIL PROFESIONAL"},"content":{"rendered":"\t\t<div data-elementor-type=\"wp-page\" data-elementor-id=\"4477\" class=\"elementor elementor-4477 elementor-793\">\n\t\t\t\t\t\t\t\t\t<section class=\"elementor-section elementor-top-section elementor-element elementor-element-3d7867e elementor-section-boxed elementor-section-height-default elementor-section-height-default\" data-id=\"3d7867e\" data-element_type=\"section\" id=\"titulo\" data-settings=\"{&quot;background_background&quot;:&quot;classic&quot;}\">\n\t\t\t\t\t\t<div class=\"elementor-container elementor-column-gap-default\">\n\t\t\t\t\t<div class=\"elementor-column elementor-col-100 elementor-top-column elementor-element elementor-element-2f1b10d\" data-id=\"2f1b10d\" data-element_type=\"column\" id=\"sombra\">\n\t\t\t<div class=\"elementor-widget-wrap elementor-element-populated\">\n\t\t\t\t\t\t\t\t<div class=\"elementor-element elementor-element-408d1ea elementor-widget elementor-widget-heading\" data-id=\"408d1ea\" data-element_type=\"widget\" data-widget_type=\"heading.default\">\n\t\t\t\t<div class=\"elementor-widget-container\">\n\t\t\t<style>\/*! elementor - v3.15.0 - 09-08-2023 *\/\n.elementor-heading-title{padding:0;margin:0;line-height:1}.elementor-widget-heading .elementor-heading-title[class*=elementor-size-]>a{color:inherit;font-size:inherit;line-height:inherit}.elementor-widget-heading .elementor-heading-title.elementor-size-small{font-size:15px}.elementor-widget-heading .elementor-heading-title.elementor-size-medium{font-size:19px}.elementor-widget-heading .elementor-heading-title.elementor-size-large{font-size:29px}.elementor-widget-heading .elementor-heading-title.elementor-size-xl{font-size:39px}.elementor-widget-heading .elementor-heading-title.elementor-size-xxl{font-size:59px}<\/style><h1 class=\"elementor-heading-title elementor-size-default\">Perfil Profesional<\/h1>\t\t<\/div>\n\t\t\t\t<\/div>\n\t\t\t\t<div class=\"elementor-element elementor-element-c806714 elementor-widget-divider--view-line elementor-widget elementor-widget-divider\" data-id=\"c806714\" data-element_type=\"widget\" data-widget_type=\"divider.default\">\n\t\t\t\t<div class=\"elementor-widget-container\">\n\t\t\t<style>\/*! elementor - v3.15.0 - 09-08-2023 *\/\n.elementor-widget-divider{--divider-border-style:none;--divider-border-width:1px;--divider-color:#0c0d0e;--divider-icon-size:20px;--divider-element-spacing:10px;--divider-pattern-height:24px;--divider-pattern-size:20px;--divider-pattern-url:none;--divider-pattern-repeat:repeat-x}.elementor-widget-divider .elementor-divider{display:flex}.elementor-widget-divider .elementor-divider__text{font-size:15px;line-height:1;max-width:95%}.elementor-widget-divider .elementor-divider__element{margin:0 var(--divider-element-spacing);flex-shrink:0}.elementor-widget-divider .elementor-icon{font-size:var(--divider-icon-size)}.elementor-widget-divider .elementor-divider-separator{display:flex;margin:0;direction:ltr}.elementor-widget-divider--view-line_icon .elementor-divider-separator,.elementor-widget-divider--view-line_text .elementor-divider-separator{align-items:center}.elementor-widget-divider--view-line_icon .elementor-divider-separator:after,.elementor-widget-divider--view-line_icon .elementor-divider-separator:before,.elementor-widget-divider--view-line_text .elementor-divider-separator:after,.elementor-widget-divider--view-line_text .elementor-divider-separator:before{display:block;content:\"\";border-bottom:0;flex-grow:1;border-top:var(--divider-border-width) var(--divider-border-style) var(--divider-color)}.elementor-widget-divider--element-align-left .elementor-divider .elementor-divider-separator>.elementor-divider__svg:first-of-type{flex-grow:0;flex-shrink:100}.elementor-widget-divider--element-align-left .elementor-divider-separator:before{content:none}.elementor-widget-divider--element-align-left .elementor-divider__element{margin-left:0}.elementor-widget-divider--element-align-right .elementor-divider .elementor-divider-separator>.elementor-divider__svg:last-of-type{flex-grow:0;flex-shrink:100}.elementor-widget-divider--element-align-right .elementor-divider-separator:after{content:none}.elementor-widget-divider--element-align-right .elementor-divider__element{margin-right:0}.elementor-widget-divider:not(.elementor-widget-divider--view-line_text):not(.elementor-widget-divider--view-line_icon) .elementor-divider-separator{border-top:var(--divider-border-width) var(--divider-border-style) var(--divider-color)}.elementor-widget-divider--separator-type-pattern{--divider-border-style:none}.elementor-widget-divider--separator-type-pattern.elementor-widget-divider--view-line .elementor-divider-separator,.elementor-widget-divider--separator-type-pattern:not(.elementor-widget-divider--view-line) .elementor-divider-separator:after,.elementor-widget-divider--separator-type-pattern:not(.elementor-widget-divider--view-line) .elementor-divider-separator:before,.elementor-widget-divider--separator-type-pattern:not([class*=elementor-widget-divider--view]) .elementor-divider-separator{width:100%;min-height:var(--divider-pattern-height);-webkit-mask-size:var(--divider-pattern-size) 100%;mask-size:var(--divider-pattern-size) 100%;-webkit-mask-repeat:var(--divider-pattern-repeat);mask-repeat:var(--divider-pattern-repeat);background-color:var(--divider-color);-webkit-mask-image:var(--divider-pattern-url);mask-image:var(--divider-pattern-url)}.elementor-widget-divider--no-spacing{--divider-pattern-size:auto}.elementor-widget-divider--bg-round{--divider-pattern-repeat:round}.rtl .elementor-widget-divider .elementor-divider__text{direction:rtl}.e-con-inner>.elementor-widget-divider,.e-con>.elementor-widget-divider{width:var(--container-widget-width,100%);--flex-grow:var(--container-widget-flex-grow)}<\/style>\t\t<div class=\"elementor-divider\">\n\t\t\t<span class=\"elementor-divider-separator\">\n\t\t\t\t\t\t<\/span>\n\t\t<\/div>\n\t\t\t\t<\/div>\n\t\t\t\t<\/div>\n\t\t\t\t\t<\/div>\n\t\t<\/div>\n\t\t\t\t\t\t\t<\/div>\n\t\t<\/section>\n\t\t\t\t<section class=\"elementor-section elementor-top-section elementor-element elementor-element-fe54582 elementor-section-full_width elementor-section-height-default elementor-section-height-default\" data-id=\"fe54582\" data-element_type=\"section\">\n\t\t\t\t\t\t<div class=\"elementor-container elementor-column-gap-default\">\n\t\t\t\t\t<div class=\"elementor-column elementor-col-50 elementor-top-column elementor-element elementor-element-e21f9c8\" data-id=\"e21f9c8\" data-element_type=\"column\">\n\t\t\t<div class=\"elementor-widget-wrap elementor-element-populated\">\n\t\t\t\t\t\t\t\t<section class=\"elementor-section elementor-inner-section elementor-element elementor-element-af7e3b6 elementor-section-height-min-height elementor-section-content-middle elementor-section-full_width elementor-section-height-default\" data-id=\"af7e3b6\" data-element_type=\"section\" data-settings=\"{&quot;background_background&quot;:&quot;classic&quot;}\">\n\t\t\t\t\t\t\t<div class=\"elementor-background-overlay\"><\/div>\n\t\t\t\t\t\t\t<div class=\"elementor-container elementor-column-gap-default\">\n\t\t\t\t\t<div class=\"elementor-column elementor-col-100 elementor-inner-column elementor-element elementor-element-d926b72\" data-id=\"d926b72\" data-element_type=\"column\">\n\t\t\t<div class=\"elementor-widget-wrap elementor-element-populated\">\n\t\t\t\t\t\t\t\t<div class=\"elementor-element elementor-element-f049f30 elementor-widget elementor-widget-text-editor\" data-id=\"f049f30\" data-element_type=\"widget\" data-widget_type=\"text-editor.default\">\n\t\t\t\t<div class=\"elementor-widget-container\">\n\t\t\t<style>\/*! elementor - v3.15.0 - 09-08-2023 *\/\n.elementor-widget-text-editor.elementor-drop-cap-view-stacked .elementor-drop-cap{background-color:#69727d;color:#fff}.elementor-widget-text-editor.elementor-drop-cap-view-framed .elementor-drop-cap{color:#69727d;border:3px solid;background-color:transparent}.elementor-widget-text-editor:not(.elementor-drop-cap-view-default) .elementor-drop-cap{margin-top:8px}.elementor-widget-text-editor:not(.elementor-drop-cap-view-default) .elementor-drop-cap-letter{width:1em;height:1em}.elementor-widget-text-editor .elementor-drop-cap{float:left;text-align:center;line-height:1;font-size:50px}.elementor-widget-text-editor .elementor-drop-cap-letter{display:inline-block}<\/style>\t\t\t\t<p><strong>Arquitectura T\u00e9cnica.<\/strong><\/p><p>Escola Polit\u00e8cnica Superior Edificaci\u00f3 de Barcelona.UPC<\/p><p><strong>Grado en Ciencias y Tecnolog\u00edas de la Edificaci\u00f3n.<\/strong><\/p><p>Escola Polit\u00e8cnica Superior Edificaci\u00f3 de Barcelona. UPC<\/p><p><strong>Master Project Manager en Edificaci\u00f3n y Urbanismo.<\/strong><\/p><p>Col\u00b7legi d&#8217;Aparelladors, Arquitectes T\u00e8cnics i Enginyers d&#8217;Edificaci\u00f3. CAATEEB<\/p>\t\t\t\t\t\t<\/div>\n\t\t\t\t<\/div>\n\t\t\t\t<div class=\"elementor-element elementor-element-6ba03b3 texto-reducido elementor-widget elementor-widget-text-editor\" data-id=\"6ba03b3\" data-element_type=\"widget\" data-widget_type=\"text-editor.default\">\n\t\t\t\t<div class=\"elementor-widget-container\">\n\t\t\t\t\t\t\t<p>Colegiado COATA N\u00fam. 004<\/p><p>Colegiado CAATEEB N\u00fam. 10732<\/p>\t\t\t\t\t\t<\/div>\n\t\t\t\t<\/div>\n\t\t\t\t\t<\/div>\n\t\t<\/div>\n\t\t\t\t\t\t\t<\/div>\n\t\t<\/section>\n\t\t\t\t<section class=\"elementor-section elementor-inner-section elementor-element elementor-element-4d8f2f8 elementor-section-boxed elementor-section-height-default elementor-section-height-default\" data-id=\"4d8f2f8\" data-element_type=\"section\">\n\t\t\t\t\t\t<div class=\"elementor-container elementor-column-gap-default\">\n\t\t\t\t\t<div class=\"elementor-column elementor-col-100 elementor-inner-column elementor-element elementor-element-46bf367\" data-id=\"46bf367\" data-element_type=\"column\">\n\t\t\t<div class=\"elementor-widget-wrap elementor-element-populated\">\n\t\t\t\t\t\t\t\t<div class=\"elementor-element elementor-element-9374216 elementor-widget elementor-widget-text-editor\" data-id=\"9374216\" data-element_type=\"widget\" data-widget_type=\"text-editor.default\">\n\t\t\t\t<div class=\"elementor-widget-container\">\n\t\t\t\t\t\t\t<p><strong>Gerad GARCiA BASSAGANYA <img decoding=\"async\" class=\"alignnone wp-image-7391 size-full\" src=\"https:\/\/arquitax.com\/wp-content\/uploads\/2023\/01\/Arquitax-Arquitectura-Tecnica-Andorra.jpg\" alt=\"\" width=\"30\" height=\"30\" \/><\/strong><\/p>\t\t\t\t\t\t<\/div>\n\t\t\t\t<\/div>\n\t\t\t\t\t<\/div>\n\t\t<\/div>\n\t\t\t\t\t\t\t<\/div>\n\t\t<\/section>\n\t\t\t\t\t<\/div>\n\t\t<\/div>\n\t\t\t\t<div class=\"elementor-column elementor-col-50 elementor-top-column elementor-element elementor-element-6f19986 col2\" data-id=\"6f19986\" data-element_type=\"column\">\n\t\t\t<div class=\"elementor-widget-wrap elementor-element-populated\">\n\t\t\t\t\t\t\t\t<div class=\"elementor-element elementor-element-0627638 elementor-widget elementor-widget-text-editor\" data-id=\"0627638\" data-element_type=\"widget\" data-widget_type=\"text-editor.default\">\n\t\t\t\t<div class=\"elementor-widget-container\">\n\t\t\t\t\t\t\t<p><b><span lang=\"CA\">Postgrau en Property Management. CAATEEB<\/span><\/b><\/p><p><b><span lang=\"CA\"><em>Econom\u00eda y Finanzas del Sector Inmobiliario.<\/em> ESADE<\/span><\/b><\/p><p>Dret Urban\u00edstic Andorr\u00e0. UdA<\/p><p><em>Curso de Especialista en Valoraciones Inmobiliarias.<\/em> UCLM<\/p><p>Postgrau de Gesti\u00f3 de Projectes i d&#8217;Obra. CAATEEB<\/p><p>Postgrau de Coordinador de Seguretat i Salut en la Construcci\u00f3. CAATEEB<\/p><p>Postgrau de Gesti\u00f3 i Valoraci\u00f3 Urban\u00edstica. UPC School<\/p><p>Postgrau en Valoracions Immobili\u00e0ries Internacionals. UPC School<\/p><p>Postgrau de P\u00e8rit en Assegurances d&#8217;Incendis i Riscos Diversos. INESE Barcelona<\/p><p>Postgrau de Per\u00edcia. CAATEEB<\/p><p>Postgrau de Direcci\u00f3 d&#8217;Execuci\u00f3 i Control d&#8217;Obres. CAATEEB<\/p><p>Postgrau d&#8217;Analisi de Viabilitat i Determinaci\u00f3 d&#8217;Objectius d&#8217;Operacions Immobili\u00e0ries. CAATEEB<\/p><p>Postgrau en T\u00e8cniques Actuals del C\u00e0lcul Estructural. UPC School<\/p>\t\t\t\t\t\t<\/div>\n\t\t\t\t<\/div>\n\t\t\t\t\t<\/div>\n\t\t<\/div>\n\t\t\t\t\t\t\t<\/div>\n\t\t<\/section>\n\t\t\t\t<section class=\"elementor-section elementor-top-section elementor-element elementor-element-7ddf546 elementor-section-full_width lista2 elementor-section-height-default elementor-section-height-default\" data-id=\"7ddf546\" data-element_type=\"section\">\n\t\t\t\t\t\t<div class=\"elementor-container elementor-column-gap-default\">\n\t\t\t\t\t<div class=\"elementor-column elementor-col-100 elementor-top-column elementor-element elementor-element-4ebf24b\" data-id=\"4ebf24b\" data-element_type=\"column\">\n\t\t\t<div class=\"elementor-widget-wrap elementor-element-populated\">\n\t\t\t\t\t\t\t\t<div class=\"elementor-element elementor-element-bcafd71 elementor-widget elementor-widget-image\" data-id=\"bcafd71\" data-element_type=\"widget\" data-widget_type=\"image.default\">\n\t\t\t\t<div class=\"elementor-widget-container\">\n\t\t\t<style>\/*! elementor - v3.15.0 - 09-08-2023 *\/\n.elementor-widget-image{text-align:center}.elementor-widget-image a{display:inline-block}.elementor-widget-image a img[src$=\".svg\"]{width:48px}.elementor-widget-image img{vertical-align:middle;display:inline-block}<\/style>\t\t\t\t\t\t\t\t\t\t\t\t<img decoding=\"async\" width=\"1024\" height=\"199\" src=\"https:\/\/arquitax.com\/wp-content\/uploads\/2022\/06\/U\u0301LTIM-FULL-INFORME-copia.jpg\" class=\"attachment-large size-large wp-image-3798\" alt=\"\" srcset=\"https:\/\/arquitax.com\/wp-content\/uploads\/2022\/06\/U\u0301LTIM-FULL-INFORME-copia.jpg 1024w, https:\/\/arquitax.com\/wp-content\/uploads\/2022\/06\/U\u0301LTIM-FULL-INFORME-copia-300x58.jpg 300w, https:\/\/arquitax.com\/wp-content\/uploads\/2022\/06\/U\u0301LTIM-FULL-INFORME-copia-768x149.jpg 768w\" sizes=\"(max-width: 1024px) 100vw, 1024px\" \/>\t\t\t\t\t\t\t\t\t\t\t\t\t\t\t<\/div>\n\t\t\t\t<\/div>\n\t\t\t\t\t<\/div>\n\t\t<\/div>\n\t\t\t\t\t\t\t<\/div>\n\t\t<\/section>\n\t\t\t\t\t\t\t<\/div>\n\t\t","protected":false},"excerpt":{"rendered":"<p>Perfil Profesional Arquitectura T\u00e9cnica. Escola Polit\u00e8cnica Superior Edificaci\u00f3 de Barcelona.UPC Grado en Ciencias y Tecnolog\u00edas de la Edificaci\u00f3n. Escola Polit\u00e8cnica Superior Edificaci\u00f3 de Barcelona. UPC Master Project Manager en Edificaci\u00f3n y Urbanismo. Col\u00b7legi d&#8217;Aparelladors, Arquitectes T\u00e8cnics i Enginyers d&#8217;Edificaci\u00f3. CAATEEB Colegiado COATA N\u00fam. 004 Colegiado CAATEEB N\u00fam. 10732 Gerad GARCiA BASSAGANYA Postgrau en Property Management. &hellip;<\/p>\n<p class=\"read-more\"> <a class=\"\" href=\"https:\/\/arquitax.com\/es\/perfil-profesional\/\"> <span class=\"screen-reader-text\">PERFIL PROFESIONAL<\/span> Leer m\u00e1s \u00bb<\/a><\/p>\n","protected":false},"author":1,"featured_media":0,"parent":0,"menu_order":0,"comment_status":"closed","ping_status":"closed","template":"","meta":{"site-sidebar-layout":"no-sidebar","site-content-layout":"page-builder","ast-global-header-display":"","ast-main-header-display":"","ast-hfb-above-header-display":"","ast-hfb-below-header-display":"","ast-hfb-mobile-header-display":"","site-post-title":"disabled","ast-breadcrumbs-content":"","ast-featured-img":"disabled","footer-sml-layout":"","theme-transparent-header-meta":"default","adv-header-id-meta":"","stick-header-meta":"default","header-above-stick-meta":"","header-main-stick-meta":"","header-below-stick-meta":"","footnotes":""},"class_list":["post-4477","page","type-page","status-publish","hentry"],"yoast_head":"<!-- This site is optimized with the Yoast SEO plugin v27.4 - https:\/\/yoast.com\/product\/yoast-seo-wordpress\/ -->\n<title>PERFIL PROFESIONAL - Arquitax | arquitectura T\u00c8CNICA<\/title>\n<meta name=\"robots\" content=\"index, follow, max-snippet:-1, max-image-preview:large, max-video-preview:-1\" \/>\n<link rel=\"canonical\" href=\"https:\/\/arquitax.com\/perfil-professional\/\" \/>\n<meta property=\"og:locale\" content=\"es_ES\" \/>\n<meta property=\"og:type\" content=\"article\" \/>\n<meta property=\"og:title\" content=\"PERFIL PROFESIONAL - Arquitax | arquitectura T\u00c8CNICA\" \/>\n<meta property=\"og:description\" content=\"Perfil Profesional Arquitectura T\u00e9cnica. Escola Polit\u00e8cnica Superior Edificaci\u00f3 de Barcelona.UPC Grado en Ciencias y Tecnolog\u00edas de la Edificaci\u00f3n. Escola Polit\u00e8cnica Superior Edificaci\u00f3 de Barcelona. UPC Master Project Manager en Edificaci\u00f3n y Urbanismo. Col\u00b7legi d&#8217;Aparelladors, Arquitectes T\u00e8cnics i Enginyers d&#8217;Edificaci\u00f3. CAATEEB Colegiado COATA N\u00fam. 004 Colegiado CAATEEB N\u00fam. 10732 Gerad GARCiA BASSAGANYA Postgrau en Property Management. &hellip; PERFIL PROFESIONAL Leer m\u00e1s \u00bb\" \/>\n<meta property=\"og:url\" content=\"https:\/\/arquitax.com\/perfil-professional\/\" \/>\n<meta property=\"og:site_name\" content=\"Arquitax | arquitectura T\u00c8CNICA\" \/>\n<meta property=\"article:modified_time\" content=\"2023-04-16T20:40:55+00:00\" \/>\n<meta property=\"og:image\" content=\"https:\/\/arquitax.com\/wp-content\/uploads\/2023\/01\/Arquitax-Arquitectura-Tecnica-Andorra.jpg\" \/>\n<meta name=\"twitter:card\" content=\"summary_large_image\" \/>\n<meta name=\"twitter:label1\" content=\"Tiempo de lectura\" \/>\n\t<meta name=\"twitter:data1\" content=\"2 minutos\" \/>\n<script type=\"application\/ld+json\" class=\"yoast-schema-graph\">{\"@context\":\"https:\\\/\\\/schema.org\",\"@graph\":[{\"@type\":\"WebPage\",\"@id\":\"https:\\\/\\\/arquitax.com\\\/perfil-professional\\\/\",\"url\":\"https:\\\/\\\/arquitax.com\\\/perfil-professional\\\/\",\"name\":\"PERFIL PROFESIONAL - Arquitax | arquitectura T\u00c8CNICA\",\"isPartOf\":{\"@id\":\"https:\\\/\\\/arquitax.com\\\/#website\"},\"primaryImageOfPage\":{\"@id\":\"https:\\\/\\\/arquitax.com\\\/perfil-professional\\\/#primaryimage\"},\"image\":{\"@id\":\"https:\\\/\\\/arquitax.com\\\/perfil-professional\\\/#primaryimage\"},\"thumbnailUrl\":\"https:\\\/\\\/arquitax.com\\\/wp-content\\\/uploads\\\/2023\\\/01\\\/Arquitax-Arquitectura-Tecnica-Andorra.jpg\",\"datePublished\":\"2022-02-20T09:28:20+00:00\",\"dateModified\":\"2023-04-16T20:40:55+00:00\",\"breadcrumb\":{\"@id\":\"https:\\\/\\\/arquitax.com\\\/perfil-professional\\\/#breadcrumb\"},\"inLanguage\":\"es\",\"potentialAction\":[{\"@type\":\"ReadAction\",\"target\":[\"https:\\\/\\\/arquitax.com\\\/perfil-professional\\\/\"]}]},{\"@type\":\"ImageObject\",\"inLanguage\":\"es\",\"@id\":\"https:\\\/\\\/arquitax.com\\\/perfil-professional\\\/#primaryimage\",\"url\":\"https:\\\/\\\/arquitax.com\\\/wp-content\\\/uploads\\\/2023\\\/01\\\/Arquitax-Arquitectura-Tecnica-Andorra.jpg\",\"contentUrl\":\"https:\\\/\\\/arquitax.com\\\/wp-content\\\/uploads\\\/2023\\\/01\\\/Arquitax-Arquitectura-Tecnica-Andorra.jpg\"},{\"@type\":\"BreadcrumbList\",\"@id\":\"https:\\\/\\\/arquitax.com\\\/perfil-professional\\\/#breadcrumb\",\"itemListElement\":[{\"@type\":\"ListItem\",\"position\":1,\"name\":\"Inici\",\"item\":\"https:\\\/\\\/arquitax.com\\\/es\\\/\"},{\"@type\":\"ListItem\",\"position\":2,\"name\":\"PERFIL PROFESIONAL\"}]},{\"@type\":\"WebSite\",\"@id\":\"https:\\\/\\\/arquitax.com\\\/#website\",\"url\":\"https:\\\/\\\/arquitax.com\\\/\",\"name\":\"Arquitax | arquitectura T\u00c8CNICA\",\"description\":\"Arquitax arquitectos t\u00e9cnicos y periciales en Andorra\",\"publisher\":{\"@id\":\"https:\\\/\\\/arquitax.com\\\/#organization\"},\"potentialAction\":[{\"@type\":\"SearchAction\",\"target\":{\"@type\":\"EntryPoint\",\"urlTemplate\":\"https:\\\/\\\/arquitax.com\\\/?s={search_term_string}\"},\"query-input\":{\"@type\":\"PropertyValueSpecification\",\"valueRequired\":true,\"valueName\":\"search_term_string\"}}],\"inLanguage\":\"es\"},{\"@type\":\"Organization\",\"@id\":\"https:\\\/\\\/arquitax.com\\\/#organization\",\"name\":\"Arquitax - Arquitectura T\u00e9cnica\",\"url\":\"https:\\\/\\\/arquitax.com\\\/\",\"logo\":{\"@type\":\"ImageObject\",\"inLanguage\":\"es\",\"@id\":\"https:\\\/\\\/arquitax.com\\\/#\\\/schema\\\/logo\\\/image\\\/\",\"url\":\"https:\\\/\\\/arquitax.com\\\/wp-content\\\/uploads\\\/2022\\\/02\\\/arquitax-logo-arquitecto-tecnico.jpg\",\"contentUrl\":\"https:\\\/\\\/arquitax.com\\\/wp-content\\\/uploads\\\/2022\\\/02\\\/arquitax-logo-arquitecto-tecnico.jpg\",\"width\":150,\"height\":106,\"caption\":\"Arquitax - Arquitectura T\u00e9cnica\"},\"image\":{\"@id\":\"https:\\\/\\\/arquitax.com\\\/#\\\/schema\\\/logo\\\/image\\\/\"}}]}<\/script>\n<!-- \/ Yoast SEO plugin. -->","yoast_head_json":{"title":"PERFIL PROFESIONAL - Arquitax | arquitectura T\u00c8CNICA","robots":{"index":"index","follow":"follow","max-snippet":"max-snippet:-1","max-image-preview":"max-image-preview:large","max-video-preview":"max-video-preview:-1"},"canonical":"https:\/\/arquitax.com\/perfil-professional\/","og_locale":"es_ES","og_type":"article","og_title":"PERFIL PROFESIONAL - Arquitax | arquitectura T\u00c8CNICA","og_description":"Perfil Profesional Arquitectura T\u00e9cnica. Escola Polit\u00e8cnica Superior Edificaci\u00f3 de Barcelona.UPC Grado en Ciencias y Tecnolog\u00edas de la Edificaci\u00f3n. Escola Polit\u00e8cnica Superior Edificaci\u00f3 de Barcelona. UPC Master Project Manager en Edificaci\u00f3n y Urbanismo. Col\u00b7legi d&#8217;Aparelladors, Arquitectes T\u00e8cnics i Enginyers d&#8217;Edificaci\u00f3. CAATEEB Colegiado COATA N\u00fam. 004 Colegiado CAATEEB N\u00fam. 10732 Gerad GARCiA BASSAGANYA Postgrau en Property Management. &hellip; PERFIL PROFESIONAL Leer m\u00e1s \u00bb","og_url":"https:\/\/arquitax.com\/perfil-professional\/","og_site_name":"Arquitax | arquitectura T\u00c8CNICA","article_modified_time":"2023-04-16T20:40:55+00:00","og_image":[{"url":"https:\/\/arquitax.com\/wp-content\/uploads\/2023\/01\/Arquitax-Arquitectura-Tecnica-Andorra.jpg","type":"","width":"","height":""}],"twitter_card":"summary_large_image","twitter_misc":{"Tiempo de lectura":"2 minutos"},"schema":{"@context":"https:\/\/schema.org","@graph":[{"@type":"WebPage","@id":"https:\/\/arquitax.com\/perfil-professional\/","url":"https:\/\/arquitax.com\/perfil-professional\/","name":"PERFIL PROFESIONAL - Arquitax | arquitectura T\u00c8CNICA","isPartOf":{"@id":"https:\/\/arquitax.com\/#website"},"primaryImageOfPage":{"@id":"https:\/\/arquitax.com\/perfil-professional\/#primaryimage"},"image":{"@id":"https:\/\/arquitax.com\/perfil-professional\/#primaryimage"},"thumbnailUrl":"https:\/\/arquitax.com\/wp-content\/uploads\/2023\/01\/Arquitax-Arquitectura-Tecnica-Andorra.jpg","datePublished":"2022-02-20T09:28:20+00:00","dateModified":"2023-04-16T20:40:55+00:00","breadcrumb":{"@id":"https:\/\/arquitax.com\/perfil-professional\/#breadcrumb"},"inLanguage":"es","potentialAction":[{"@type":"ReadAction","target":["https:\/\/arquitax.com\/perfil-professional\/"]}]},{"@type":"ImageObject","inLanguage":"es","@id":"https:\/\/arquitax.com\/perfil-professional\/#primaryimage","url":"https:\/\/arquitax.com\/wp-content\/uploads\/2023\/01\/Arquitax-Arquitectura-Tecnica-Andorra.jpg","contentUrl":"https:\/\/arquitax.com\/wp-content\/uploads\/2023\/01\/Arquitax-Arquitectura-Tecnica-Andorra.jpg"},{"@type":"BreadcrumbList","@id":"https:\/\/arquitax.com\/perfil-professional\/#breadcrumb","itemListElement":[{"@type":"ListItem","position":1,"name":"Inici","item":"https:\/\/arquitax.com\/es\/"},{"@type":"ListItem","position":2,"name":"PERFIL PROFESIONAL"}]},{"@type":"WebSite","@id":"https:\/\/arquitax.com\/#website","url":"https:\/\/arquitax.com\/","name":"Arquitax | arquitectura T\u00c8CNICA","description":"Arquitax arquitectos t\u00e9cnicos y periciales en Andorra","publisher":{"@id":"https:\/\/arquitax.com\/#organization"},"potentialAction":[{"@type":"SearchAction","target":{"@type":"EntryPoint","urlTemplate":"https:\/\/arquitax.com\/?s={search_term_string}"},"query-input":{"@type":"PropertyValueSpecification","valueRequired":true,"valueName":"search_term_string"}}],"inLanguage":"es"},{"@type":"Organization","@id":"https:\/\/arquitax.com\/#organization","name":"Arquitax - Arquitectura T\u00e9cnica","url":"https:\/\/arquitax.com\/","logo":{"@type":"ImageObject","inLanguage":"es","@id":"https:\/\/arquitax.com\/#\/schema\/logo\/image\/","url":"https:\/\/arquitax.com\/wp-content\/uploads\/2022\/02\/arquitax-logo-arquitecto-tecnico.jpg","contentUrl":"https:\/\/arquitax.com\/wp-content\/uploads\/2022\/02\/arquitax-logo-arquitecto-tecnico.jpg","width":150,"height":106,"caption":"Arquitax - Arquitectura T\u00e9cnica"},"image":{"@id":"https:\/\/arquitax.com\/#\/schema\/logo\/image\/"}}]}},"_links":{"self":[{"href":"https:\/\/arquitax.com\/es\/wp-json\/wp\/v2\/pages\/4477","targetHints":{"allow":["GET"]}}],"collection":[{"href":"https:\/\/arquitax.com\/es\/wp-json\/wp\/v2\/pages"}],"about":[{"href":"https:\/\/arquitax.com\/es\/wp-json\/wp\/v2\/types\/page"}],"author":[{"embeddable":true,"href":"https:\/\/arquitax.com\/es\/wp-json\/wp\/v2\/users\/1"}],"replies":[{"embeddable":true,"href":"https:\/\/arquitax.com\/es\/wp-json\/wp\/v2\/comments?post=4477"}],"version-history":[{"count":178,"href":"https:\/\/arquitax.com\/es\/wp-json\/wp\/v2\/pages\/4477\/revisions"}],"predecessor-version":[{"id":7415,"href":"https:\/\/arquitax.com\/es\/wp-json\/wp\/v2\/pages\/4477\/revisions\/7415"}],"wp:attachment":[{"href":"https:\/\/arquitax.com\/es\/wp-json\/wp\/v2\/media?parent=4477"}],"curies":[{"name":"wp","href":"https:\/\/api.w.org\/{rel}","templated":true}]}}