{"id":4371,"date":"2022-02-20T23:12:39","date_gmt":"2022-02-20T22:12:39","guid":{"rendered":"https:\/\/arquitax.com\/?page_id=4371"},"modified":"2022-11-24T09:38:17","modified_gmt":"2022-11-24T08:38:17","slug":"inversores-inmobiliarias","status":"publish","type":"page","link":"https:\/\/arquitax.com\/es\/inversores-inmobiliarias\/","title":{"rendered":"INVERSORES &#8211; INMOBILIARIAS"},"content":{"rendered":"\t\t<div data-elementor-type=\"wp-page\" data-elementor-id=\"4371\" class=\"elementor elementor-4371 elementor-946\">\n\t\t\t\t\t\t\t\t\t<section class=\"elementor-section elementor-top-section elementor-element elementor-element-1c46754 elementor-section-boxed elementor-section-height-default elementor-section-height-default\" data-id=\"1c46754\" data-element_type=\"section\" id=\"titulo\" data-settings=\"{&quot;background_background&quot;:&quot;classic&quot;}\">\n\t\t\t\t\t\t<div class=\"elementor-container elementor-column-gap-default\">\n\t\t\t\t\t<div class=\"elementor-column elementor-col-100 elementor-top-column elementor-element elementor-element-e42b3de\" data-id=\"e42b3de\" data-element_type=\"column\" id=\"sombra\">\n\t\t\t<div class=\"elementor-widget-wrap elementor-element-populated\">\n\t\t\t\t\t\t\t\t<div class=\"elementor-element elementor-element-25a3f9b elementor-widget elementor-widget-heading\" data-id=\"25a3f9b\" data-element_type=\"widget\" data-widget_type=\"heading.default\">\n\t\t\t\t<div class=\"elementor-widget-container\">\n\t\t\t<style>\/*! elementor - v3.15.0 - 09-08-2023 *\/\n.elementor-heading-title{padding:0;margin:0;line-height:1}.elementor-widget-heading .elementor-heading-title[class*=elementor-size-]>a{color:inherit;font-size:inherit;line-height:inherit}.elementor-widget-heading .elementor-heading-title.elementor-size-small{font-size:15px}.elementor-widget-heading .elementor-heading-title.elementor-size-medium{font-size:19px}.elementor-widget-heading .elementor-heading-title.elementor-size-large{font-size:29px}.elementor-widget-heading .elementor-heading-title.elementor-size-xl{font-size:39px}.elementor-widget-heading .elementor-heading-title.elementor-size-xxl{font-size:59px}<\/style><h1 class=\"elementor-heading-title elementor-size-default\">Inversores - Inmobiliarias<\/h1>\t\t<\/div>\n\t\t\t\t<\/div>\n\t\t\t\t<div class=\"elementor-element elementor-element-ef635c5 elementor-widget-divider--view-line elementor-widget elementor-widget-divider\" data-id=\"ef635c5\" data-element_type=\"widget\" data-widget_type=\"divider.default\">\n\t\t\t\t<div class=\"elementor-widget-container\">\n\t\t\t<style>\/*! elementor - v3.15.0 - 09-08-2023 *\/\n.elementor-widget-divider{--divider-border-style:none;--divider-border-width:1px;--divider-color:#0c0d0e;--divider-icon-size:20px;--divider-element-spacing:10px;--divider-pattern-height:24px;--divider-pattern-size:20px;--divider-pattern-url:none;--divider-pattern-repeat:repeat-x}.elementor-widget-divider .elementor-divider{display:flex}.elementor-widget-divider .elementor-divider__text{font-size:15px;line-height:1;max-width:95%}.elementor-widget-divider .elementor-divider__element{margin:0 var(--divider-element-spacing);flex-shrink:0}.elementor-widget-divider .elementor-icon{font-size:var(--divider-icon-size)}.elementor-widget-divider .elementor-divider-separator{display:flex;margin:0;direction:ltr}.elementor-widget-divider--view-line_icon .elementor-divider-separator,.elementor-widget-divider--view-line_text .elementor-divider-separator{align-items:center}.elementor-widget-divider--view-line_icon .elementor-divider-separator:after,.elementor-widget-divider--view-line_icon .elementor-divider-separator:before,.elementor-widget-divider--view-line_text .elementor-divider-separator:after,.elementor-widget-divider--view-line_text .elementor-divider-separator:before{display:block;content:\"\";border-bottom:0;flex-grow:1;border-top:var(--divider-border-width) var(--divider-border-style) var(--divider-color)}.elementor-widget-divider--element-align-left .elementor-divider .elementor-divider-separator>.elementor-divider__svg:first-of-type{flex-grow:0;flex-shrink:100}.elementor-widget-divider--element-align-left .elementor-divider-separator:before{content:none}.elementor-widget-divider--element-align-left .elementor-divider__element{margin-left:0}.elementor-widget-divider--element-align-right .elementor-divider .elementor-divider-separator>.elementor-divider__svg:last-of-type{flex-grow:0;flex-shrink:100}.elementor-widget-divider--element-align-right .elementor-divider-separator:after{content:none}.elementor-widget-divider--element-align-right .elementor-divider__element{margin-right:0}.elementor-widget-divider:not(.elementor-widget-divider--view-line_text):not(.elementor-widget-divider--view-line_icon) .elementor-divider-separator{border-top:var(--divider-border-width) var(--divider-border-style) var(--divider-color)}.elementor-widget-divider--separator-type-pattern{--divider-border-style:none}.elementor-widget-divider--separator-type-pattern.elementor-widget-divider--view-line .elementor-divider-separator,.elementor-widget-divider--separator-type-pattern:not(.elementor-widget-divider--view-line) .elementor-divider-separator:after,.elementor-widget-divider--separator-type-pattern:not(.elementor-widget-divider--view-line) .elementor-divider-separator:before,.elementor-widget-divider--separator-type-pattern:not([class*=elementor-widget-divider--view]) .elementor-divider-separator{width:100%;min-height:var(--divider-pattern-height);-webkit-mask-size:var(--divider-pattern-size) 100%;mask-size:var(--divider-pattern-size) 100%;-webkit-mask-repeat:var(--divider-pattern-repeat);mask-repeat:var(--divider-pattern-repeat);background-color:var(--divider-color);-webkit-mask-image:var(--divider-pattern-url);mask-image:var(--divider-pattern-url)}.elementor-widget-divider--no-spacing{--divider-pattern-size:auto}.elementor-widget-divider--bg-round{--divider-pattern-repeat:round}.rtl .elementor-widget-divider .elementor-divider__text{direction:rtl}.e-con-inner>.elementor-widget-divider,.e-con>.elementor-widget-divider{width:var(--container-widget-width,100%);--flex-grow:var(--container-widget-flex-grow)}<\/style>\t\t<div class=\"elementor-divider\">\n\t\t\t<span class=\"elementor-divider-separator\">\n\t\t\t\t\t\t<\/span>\n\t\t<\/div>\n\t\t\t\t<\/div>\n\t\t\t\t<\/div>\n\t\t\t\t\t<\/div>\n\t\t<\/div>\n\t\t\t\t\t\t\t<\/div>\n\t\t<\/section>\n\t\t\t\t<section class=\"elementor-section elementor-top-section elementor-element elementor-element-e05c475 espsup espinf elementor-section-boxed elementor-section-height-default elementor-section-height-default\" data-id=\"e05c475\" data-element_type=\"section\">\n\t\t\t\t\t\t<div class=\"elementor-container elementor-column-gap-default\">\n\t\t\t\t\t<div class=\"elementor-column elementor-col-100 elementor-top-column elementor-element elementor-element-ee59ee7\" data-id=\"ee59ee7\" data-element_type=\"column\">\n\t\t\t<div class=\"elementor-widget-wrap elementor-element-populated\">\n\t\t\t\t\t\t\t\t<div class=\"elementor-element elementor-element-ef40bed elementor-widget elementor-widget-text-editor\" data-id=\"ef40bed\" data-element_type=\"widget\" data-widget_type=\"text-editor.default\">\n\t\t\t\t<div class=\"elementor-widget-container\">\n\t\t\t<style>\/*! elementor - v3.15.0 - 09-08-2023 *\/\n.elementor-widget-text-editor.elementor-drop-cap-view-stacked .elementor-drop-cap{background-color:#69727d;color:#fff}.elementor-widget-text-editor.elementor-drop-cap-view-framed .elementor-drop-cap{color:#69727d;border:3px solid;background-color:transparent}.elementor-widget-text-editor:not(.elementor-drop-cap-view-default) .elementor-drop-cap{margin-top:8px}.elementor-widget-text-editor:not(.elementor-drop-cap-view-default) .elementor-drop-cap-letter{width:1em;height:1em}.elementor-widget-text-editor .elementor-drop-cap{float:left;text-align:center;line-height:1;font-size:50px}.elementor-widget-text-editor .elementor-drop-cap-letter{display:inline-block}<\/style>\t\t\t\t<p>Desde una discreci\u00f3n m\u00e1xima ofrecemos a los inversores nuestra experiencia en el territorio, oportunidades y management en gesti\u00f3n, ventajas financieras y legales que gestionamos y maximizamos en cada una de las operaciones contratadas.<br \/><br \/>Damos todos los servicios integrales en Edificaci\u00f3n Existente. Queremos que no tengas que preocuparte de nada y por eso en nuestra actividad pensamos en la importancia de dar un servicio integral y una gesti\u00f3n activa.<br \/><br \/>Elaboramos los informes, certificados, tasaciones, valoraciones y gesti\u00f3n de inmuebles de todo tipo. Aplicamos estrategias de gesti\u00f3n de activos inmobiliarios, en propiedad o para alquilar, como propietario, arrendador o\u00a0arrendatario,\u00a0con el fin de que produzcan la mayor rentabilidad posible tanto en su per\u00edodo de explotaci\u00f3n como en su posterior operaci\u00f3n de venta.<\/p>\t\t\t\t\t\t<\/div>\n\t\t\t\t<\/div>\n\t\t\t\t<div class=\"elementor-element elementor-element-94f331e elementor-align-center elementor-widget elementor-widget-button\" data-id=\"94f331e\" data-element_type=\"widget\" data-widget_type=\"button.default\">\n\t\t\t\t<div class=\"elementor-widget-container\">\n\t\t\t\t\t<div class=\"elementor-button-wrapper\">\n\t\t\t<a class=\"elementor-button elementor-button-link elementor-size-sm\" href=\"mailto:arquitax@andorra.ad\" target=\"_blank\">\n\t\t\t\t\t\t<span class=\"elementor-button-content-wrapper\">\n\t\t\t\t\t\t<span class=\"elementor-button-icon elementor-align-icon-left\">\n\t\t\t\t<i aria-hidden=\"true\" class=\"far fa-edit\"><\/i>\t\t\t<\/span>\n\t\t\t\t\t\t<span class=\"elementor-button-text\">CONTACTA  con NOSOTROS<\/span>\n\t\t<\/span>\n\t\t\t\t\t<\/a>\n\t\t<\/div>\n\t\t\t\t<\/div>\n\t\t\t\t<\/div>\n\t\t\t\t\t<\/div>\n\t\t<\/div>\n\t\t\t\t\t\t\t<\/div>\n\t\t<\/section>\n\t\t\t\t<section class=\"elementor-section elementor-top-section elementor-element elementor-element-b346984 elementor-section-full_width elementor-section-height-default elementor-section-height-default\" data-id=\"b346984\" data-element_type=\"section\" data-settings=\"{&quot;background_background&quot;:&quot;classic&quot;}\">\n\t\t\t\t\t\t<div class=\"elementor-container elementor-column-gap-default\">\n\t\t\t\t\t<div class=\"elementor-column elementor-col-100 elementor-top-column elementor-element elementor-element-36bd303\" data-id=\"36bd303\" data-element_type=\"column\">\n\t\t\t<div class=\"elementor-widget-wrap\">\n\t\t\t\t\t\t\t\t\t<\/div>\n\t\t<\/div>\n\t\t\t\t\t\t\t<\/div>\n\t\t<\/section>\n\t\t\t\t\t\t\t<\/div>\n\t\t","protected":false},"excerpt":{"rendered":"<p>Inversores &#8211; Inmobiliarias Desde una discreci\u00f3n m\u00e1xima ofrecemos a los inversores nuestra experiencia en el territorio, oportunidades y management en gesti\u00f3n, ventajas financieras y legales que gestionamos y maximizamos en cada una de las operaciones contratadas. Damos todos los servicios integrales en Edificaci\u00f3n Existente. Queremos que no tengas que preocuparte de nada y por eso &hellip;<\/p>\n<p class=\"read-more\"> <a class=\"\" href=\"https:\/\/arquitax.com\/es\/inversores-inmobiliarias\/\"> <span class=\"screen-reader-text\">INVERSORES &#8211; INMOBILIARIAS<\/span> Leer m\u00e1s \u00bb<\/a><\/p>\n","protected":false},"author":1,"featured_media":0,"parent":0,"menu_order":0,"comment_status":"closed","ping_status":"closed","template":"","meta":{"site-sidebar-layout":"no-sidebar","site-content-layout":"page-builder","ast-global-header-display":"","ast-main-header-display":"","ast-hfb-above-header-display":"","ast-hfb-below-header-display":"","ast-hfb-mobile-header-display":"","site-post-title":"disabled","ast-breadcrumbs-content":"","ast-featured-img":"disabled","footer-sml-layout":"","theme-transparent-header-meta":"default","adv-header-id-meta":"","stick-header-meta":"default","header-above-stick-meta":"","header-main-stick-meta":"","header-below-stick-meta":"","footnotes":""},"class_list":["post-4371","page","type-page","status-publish","hentry"],"yoast_head":"<!-- This site is optimized with the Yoast SEO plugin v27.4 - https:\/\/yoast.com\/product\/yoast-seo-wordpress\/ -->\n<title>INVERSORES - INMOBILIARIAS - Arquitax | arquitectura T\u00c8CNICA<\/title>\n<meta name=\"robots\" content=\"index, follow, max-snippet:-1, max-image-preview:large, max-video-preview:-1\" \/>\n<link rel=\"canonical\" href=\"https:\/\/arquitax.com\/inversors-immobiliaries\/\" \/>\n<meta property=\"og:locale\" content=\"es_ES\" \/>\n<meta property=\"og:type\" content=\"article\" \/>\n<meta property=\"og:title\" content=\"INVERSORES - INMOBILIARIAS - Arquitax | arquitectura T\u00c8CNICA\" \/>\n<meta property=\"og:description\" content=\"Inversores &#8211; Inmobiliarias Desde una discreci\u00f3n m\u00e1xima ofrecemos a los inversores nuestra experiencia en el territorio, oportunidades y management en gesti\u00f3n, ventajas financieras y legales que gestionamos y maximizamos en cada una de las operaciones contratadas. Damos todos los servicios integrales en Edificaci\u00f3n Existente. Queremos que no tengas que preocuparte de nada y por eso &hellip; INVERSORES &#8211; INMOBILIARIAS Leer m\u00e1s \u00bb\" \/>\n<meta property=\"og:url\" content=\"https:\/\/arquitax.com\/inversors-immobiliaries\/\" \/>\n<meta property=\"og:site_name\" content=\"Arquitax | arquitectura T\u00c8CNICA\" \/>\n<meta property=\"article:modified_time\" content=\"2022-11-24T08:38:17+00:00\" \/>\n<meta property=\"og:image\" content=\"https:\/\/arquitax.com\/wp-content\/uploads\/2022\/03\/Arquitax-1200X630.jpg\" \/>\n\t<meta property=\"og:image:width\" content=\"1200\" \/>\n\t<meta property=\"og:image:height\" content=\"630\" \/>\n\t<meta property=\"og:image:type\" content=\"image\/jpeg\" \/>\n<meta name=\"twitter:card\" content=\"summary_large_image\" \/>\n<meta name=\"twitter:label1\" content=\"Tiempo de lectura\" \/>\n\t<meta name=\"twitter:data1\" content=\"1 minuto\" \/>\n<script type=\"application\/ld+json\" class=\"yoast-schema-graph\">{\"@context\":\"https:\\\/\\\/schema.org\",\"@graph\":[{\"@type\":\"WebPage\",\"@id\":\"https:\\\/\\\/arquitax.com\\\/inversors-immobiliaries\\\/\",\"url\":\"https:\\\/\\\/arquitax.com\\\/inversors-immobiliaries\\\/\",\"name\":\"INVERSORES - INMOBILIARIAS - Arquitax | arquitectura T\u00c8CNICA\",\"isPartOf\":{\"@id\":\"https:\\\/\\\/arquitax.com\\\/#website\"},\"datePublished\":\"2022-02-20T22:12:39+00:00\",\"dateModified\":\"2022-11-24T08:38:17+00:00\",\"breadcrumb\":{\"@id\":\"https:\\\/\\\/arquitax.com\\\/inversors-immobiliaries\\\/#breadcrumb\"},\"inLanguage\":\"es\",\"potentialAction\":[{\"@type\":\"ReadAction\",\"target\":[\"https:\\\/\\\/arquitax.com\\\/inversors-immobiliaries\\\/\"]}]},{\"@type\":\"BreadcrumbList\",\"@id\":\"https:\\\/\\\/arquitax.com\\\/inversors-immobiliaries\\\/#breadcrumb\",\"itemListElement\":[{\"@type\":\"ListItem\",\"position\":1,\"name\":\"Inici\",\"item\":\"https:\\\/\\\/arquitax.com\\\/es\\\/\"},{\"@type\":\"ListItem\",\"position\":2,\"name\":\"INVERSORES &#8211; INMOBILIARIAS\"}]},{\"@type\":\"WebSite\",\"@id\":\"https:\\\/\\\/arquitax.com\\\/#website\",\"url\":\"https:\\\/\\\/arquitax.com\\\/\",\"name\":\"Arquitax | arquitectura T\u00c8CNICA\",\"description\":\"Arquitax arquitectos t\u00e9cnicos y periciales en Andorra\",\"publisher\":{\"@id\":\"https:\\\/\\\/arquitax.com\\\/#organization\"},\"potentialAction\":[{\"@type\":\"SearchAction\",\"target\":{\"@type\":\"EntryPoint\",\"urlTemplate\":\"https:\\\/\\\/arquitax.com\\\/?s={search_term_string}\"},\"query-input\":{\"@type\":\"PropertyValueSpecification\",\"valueRequired\":true,\"valueName\":\"search_term_string\"}}],\"inLanguage\":\"es\"},{\"@type\":\"Organization\",\"@id\":\"https:\\\/\\\/arquitax.com\\\/#organization\",\"name\":\"Arquitax - Arquitectura T\u00e9cnica\",\"url\":\"https:\\\/\\\/arquitax.com\\\/\",\"logo\":{\"@type\":\"ImageObject\",\"inLanguage\":\"es\",\"@id\":\"https:\\\/\\\/arquitax.com\\\/#\\\/schema\\\/logo\\\/image\\\/\",\"url\":\"https:\\\/\\\/arquitax.com\\\/wp-content\\\/uploads\\\/2022\\\/02\\\/arquitax-logo-arquitecto-tecnico.jpg\",\"contentUrl\":\"https:\\\/\\\/arquitax.com\\\/wp-content\\\/uploads\\\/2022\\\/02\\\/arquitax-logo-arquitecto-tecnico.jpg\",\"width\":150,\"height\":106,\"caption\":\"Arquitax - Arquitectura T\u00e9cnica\"},\"image\":{\"@id\":\"https:\\\/\\\/arquitax.com\\\/#\\\/schema\\\/logo\\\/image\\\/\"}}]}<\/script>\n<!-- \/ Yoast SEO plugin. -->","yoast_head_json":{"title":"INVERSORES - INMOBILIARIAS - Arquitax | arquitectura T\u00c8CNICA","robots":{"index":"index","follow":"follow","max-snippet":"max-snippet:-1","max-image-preview":"max-image-preview:large","max-video-preview":"max-video-preview:-1"},"canonical":"https:\/\/arquitax.com\/inversors-immobiliaries\/","og_locale":"es_ES","og_type":"article","og_title":"INVERSORES - INMOBILIARIAS - Arquitax | arquitectura T\u00c8CNICA","og_description":"Inversores &#8211; Inmobiliarias Desde una discreci\u00f3n m\u00e1xima ofrecemos a los inversores nuestra experiencia en el territorio, oportunidades y management en gesti\u00f3n, ventajas financieras y legales que gestionamos y maximizamos en cada una de las operaciones contratadas. Damos todos los servicios integrales en Edificaci\u00f3n Existente. Queremos que no tengas que preocuparte de nada y por eso &hellip; INVERSORES &#8211; INMOBILIARIAS Leer m\u00e1s \u00bb","og_url":"https:\/\/arquitax.com\/inversors-immobiliaries\/","og_site_name":"Arquitax | arquitectura T\u00c8CNICA","article_modified_time":"2022-11-24T08:38:17+00:00","og_image":[{"width":1200,"height":630,"url":"https:\/\/arquitax.com\/wp-content\/uploads\/2022\/03\/Arquitax-1200X630.jpg","type":"image\/jpeg"}],"twitter_card":"summary_large_image","twitter_misc":{"Tiempo de lectura":"1 minuto"},"schema":{"@context":"https:\/\/schema.org","@graph":[{"@type":"WebPage","@id":"https:\/\/arquitax.com\/inversors-immobiliaries\/","url":"https:\/\/arquitax.com\/inversors-immobiliaries\/","name":"INVERSORES - INMOBILIARIAS - Arquitax | arquitectura T\u00c8CNICA","isPartOf":{"@id":"https:\/\/arquitax.com\/#website"},"datePublished":"2022-02-20T22:12:39+00:00","dateModified":"2022-11-24T08:38:17+00:00","breadcrumb":{"@id":"https:\/\/arquitax.com\/inversors-immobiliaries\/#breadcrumb"},"inLanguage":"es","potentialAction":[{"@type":"ReadAction","target":["https:\/\/arquitax.com\/inversors-immobiliaries\/"]}]},{"@type":"BreadcrumbList","@id":"https:\/\/arquitax.com\/inversors-immobiliaries\/#breadcrumb","itemListElement":[{"@type":"ListItem","position":1,"name":"Inici","item":"https:\/\/arquitax.com\/es\/"},{"@type":"ListItem","position":2,"name":"INVERSORES &#8211; INMOBILIARIAS"}]},{"@type":"WebSite","@id":"https:\/\/arquitax.com\/#website","url":"https:\/\/arquitax.com\/","name":"Arquitax | arquitectura T\u00c8CNICA","description":"Arquitax arquitectos t\u00e9cnicos y periciales en Andorra","publisher":{"@id":"https:\/\/arquitax.com\/#organization"},"potentialAction":[{"@type":"SearchAction","target":{"@type":"EntryPoint","urlTemplate":"https:\/\/arquitax.com\/?s={search_term_string}"},"query-input":{"@type":"PropertyValueSpecification","valueRequired":true,"valueName":"search_term_string"}}],"inLanguage":"es"},{"@type":"Organization","@id":"https:\/\/arquitax.com\/#organization","name":"Arquitax - Arquitectura T\u00e9cnica","url":"https:\/\/arquitax.com\/","logo":{"@type":"ImageObject","inLanguage":"es","@id":"https:\/\/arquitax.com\/#\/schema\/logo\/image\/","url":"https:\/\/arquitax.com\/wp-content\/uploads\/2022\/02\/arquitax-logo-arquitecto-tecnico.jpg","contentUrl":"https:\/\/arquitax.com\/wp-content\/uploads\/2022\/02\/arquitax-logo-arquitecto-tecnico.jpg","width":150,"height":106,"caption":"Arquitax - Arquitectura T\u00e9cnica"},"image":{"@id":"https:\/\/arquitax.com\/#\/schema\/logo\/image\/"}}]}},"_links":{"self":[{"href":"https:\/\/arquitax.com\/es\/wp-json\/wp\/v2\/pages\/4371","targetHints":{"allow":["GET"]}}],"collection":[{"href":"https:\/\/arquitax.com\/es\/wp-json\/wp\/v2\/pages"}],"about":[{"href":"https:\/\/arquitax.com\/es\/wp-json\/wp\/v2\/types\/page"}],"author":[{"embeddable":true,"href":"https:\/\/arquitax.com\/es\/wp-json\/wp\/v2\/users\/1"}],"replies":[{"embeddable":true,"href":"https:\/\/arquitax.com\/es\/wp-json\/wp\/v2\/comments?post=4371"}],"version-history":[{"count":9,"href":"https:\/\/arquitax.com\/es\/wp-json\/wp\/v2\/pages\/4371\/revisions"}],"predecessor-version":[{"id":7245,"href":"https:\/\/arquitax.com\/es\/wp-json\/wp\/v2\/pages\/4371\/revisions\/7245"}],"wp:attachment":[{"href":"https:\/\/arquitax.com\/es\/wp-json\/wp\/v2\/media?parent=4371"}],"curies":[{"name":"wp","href":"https:\/\/api.w.org\/{rel}","templated":true}]}}