{"id":2589,"date":"2022-02-20T23:11:46","date_gmt":"2022-02-20T22:11:46","guid":{"rendered":"https:\/\/arquitax.com\/seu-justicia-advocats\/"},"modified":"2023-01-07T20:03:16","modified_gmt":"2023-01-07T19:03:16","slug":"sede-justicia-abogados","status":"publish","type":"page","link":"https:\/\/arquitax.com\/es\/sede-justicia-abogados\/","title":{"rendered":"SEDE  JUSTICIA &#8211; ABOGADOS"},"content":{"rendered":"\t\t<div data-elementor-type=\"wp-page\" data-elementor-id=\"2589\" class=\"elementor elementor-2589 elementor-944\">\n\t\t\t\t\t\t\t\t\t<section class=\"elementor-section elementor-top-section elementor-element elementor-element-8af22ae elementor-section-boxed elementor-section-height-default elementor-section-height-default\" data-id=\"8af22ae\" data-element_type=\"section\" id=\"titulo\" data-settings=\"{&quot;background_background&quot;:&quot;classic&quot;}\">\n\t\t\t\t\t\t<div class=\"elementor-container elementor-column-gap-default\">\n\t\t\t\t\t<div class=\"elementor-column elementor-col-100 elementor-top-column elementor-element elementor-element-e80f441\" data-id=\"e80f441\" data-element_type=\"column\" id=\"sombra\">\n\t\t\t<div class=\"elementor-widget-wrap elementor-element-populated\">\n\t\t\t\t\t\t\t\t<div class=\"elementor-element elementor-element-4f95485 elementor-widget elementor-widget-heading\" data-id=\"4f95485\" data-element_type=\"widget\" data-widget_type=\"heading.default\">\n\t\t\t\t<div class=\"elementor-widget-container\">\n\t\t\t<style>\/*! elementor - v3.15.0 - 09-08-2023 *\/\n.elementor-heading-title{padding:0;margin:0;line-height:1}.elementor-widget-heading .elementor-heading-title[class*=elementor-size-]>a{color:inherit;font-size:inherit;line-height:inherit}.elementor-widget-heading .elementor-heading-title.elementor-size-small{font-size:15px}.elementor-widget-heading .elementor-heading-title.elementor-size-medium{font-size:19px}.elementor-widget-heading .elementor-heading-title.elementor-size-large{font-size:29px}.elementor-widget-heading .elementor-heading-title.elementor-size-xl{font-size:39px}.elementor-widget-heading .elementor-heading-title.elementor-size-xxl{font-size:59px}<\/style><h1 class=\"elementor-heading-title elementor-size-default\">Sede  de la Justicia - Abogados<\/h1>\t\t<\/div>\n\t\t\t\t<\/div>\n\t\t\t\t<div class=\"elementor-element elementor-element-492b7dd elementor-widget-divider--view-line elementor-widget elementor-widget-divider\" data-id=\"492b7dd\" data-element_type=\"widget\" data-widget_type=\"divider.default\">\n\t\t\t\t<div class=\"elementor-widget-container\">\n\t\t\t<style>\/*! elementor - v3.15.0 - 09-08-2023 *\/\n.elementor-widget-divider{--divider-border-style:none;--divider-border-width:1px;--divider-color:#0c0d0e;--divider-icon-size:20px;--divider-element-spacing:10px;--divider-pattern-height:24px;--divider-pattern-size:20px;--divider-pattern-url:none;--divider-pattern-repeat:repeat-x}.elementor-widget-divider .elementor-divider{display:flex}.elementor-widget-divider .elementor-divider__text{font-size:15px;line-height:1;max-width:95%}.elementor-widget-divider .elementor-divider__element{margin:0 var(--divider-element-spacing);flex-shrink:0}.elementor-widget-divider .elementor-icon{font-size:var(--divider-icon-size)}.elementor-widget-divider .elementor-divider-separator{display:flex;margin:0;direction:ltr}.elementor-widget-divider--view-line_icon .elementor-divider-separator,.elementor-widget-divider--view-line_text .elementor-divider-separator{align-items:center}.elementor-widget-divider--view-line_icon .elementor-divider-separator:after,.elementor-widget-divider--view-line_icon .elementor-divider-separator:before,.elementor-widget-divider--view-line_text .elementor-divider-separator:after,.elementor-widget-divider--view-line_text .elementor-divider-separator:before{display:block;content:\"\";border-bottom:0;flex-grow:1;border-top:var(--divider-border-width) var(--divider-border-style) var(--divider-color)}.elementor-widget-divider--element-align-left .elementor-divider .elementor-divider-separator>.elementor-divider__svg:first-of-type{flex-grow:0;flex-shrink:100}.elementor-widget-divider--element-align-left .elementor-divider-separator:before{content:none}.elementor-widget-divider--element-align-left .elementor-divider__element{margin-left:0}.elementor-widget-divider--element-align-right .elementor-divider .elementor-divider-separator>.elementor-divider__svg:last-of-type{flex-grow:0;flex-shrink:100}.elementor-widget-divider--element-align-right .elementor-divider-separator:after{content:none}.elementor-widget-divider--element-align-right .elementor-divider__element{margin-right:0}.elementor-widget-divider:not(.elementor-widget-divider--view-line_text):not(.elementor-widget-divider--view-line_icon) .elementor-divider-separator{border-top:var(--divider-border-width) var(--divider-border-style) var(--divider-color)}.elementor-widget-divider--separator-type-pattern{--divider-border-style:none}.elementor-widget-divider--separator-type-pattern.elementor-widget-divider--view-line .elementor-divider-separator,.elementor-widget-divider--separator-type-pattern:not(.elementor-widget-divider--view-line) .elementor-divider-separator:after,.elementor-widget-divider--separator-type-pattern:not(.elementor-widget-divider--view-line) .elementor-divider-separator:before,.elementor-widget-divider--separator-type-pattern:not([class*=elementor-widget-divider--view]) .elementor-divider-separator{width:100%;min-height:var(--divider-pattern-height);-webkit-mask-size:var(--divider-pattern-size) 100%;mask-size:var(--divider-pattern-size) 100%;-webkit-mask-repeat:var(--divider-pattern-repeat);mask-repeat:var(--divider-pattern-repeat);background-color:var(--divider-color);-webkit-mask-image:var(--divider-pattern-url);mask-image:var(--divider-pattern-url)}.elementor-widget-divider--no-spacing{--divider-pattern-size:auto}.elementor-widget-divider--bg-round{--divider-pattern-repeat:round}.rtl .elementor-widget-divider .elementor-divider__text{direction:rtl}.e-con-inner>.elementor-widget-divider,.e-con>.elementor-widget-divider{width:var(--container-widget-width,100%);--flex-grow:var(--container-widget-flex-grow)}<\/style>\t\t<div class=\"elementor-divider\">\n\t\t\t<span class=\"elementor-divider-separator\">\n\t\t\t\t\t\t<\/span>\n\t\t<\/div>\n\t\t\t\t<\/div>\n\t\t\t\t<\/div>\n\t\t\t\t\t<\/div>\n\t\t<\/div>\n\t\t\t\t\t\t\t<\/div>\n\t\t<\/section>\n\t\t\t\t<section class=\"elementor-section elementor-top-section elementor-element elementor-element-f69aba6 elementor-section-boxed elementor-section-height-default elementor-section-height-default\" data-id=\"f69aba6\" data-element_type=\"section\">\n\t\t\t\t\t\t<div class=\"elementor-container elementor-column-gap-default\">\n\t\t\t\t\t<div class=\"elementor-column elementor-col-100 elementor-top-column elementor-element elementor-element-da4a905 espsup espinf\" data-id=\"da4a905\" data-element_type=\"column\">\n\t\t\t<div class=\"elementor-widget-wrap elementor-element-populated\">\n\t\t\t\t\t\t\t\t<div class=\"elementor-element elementor-element-bbd1da0 elementor-widget elementor-widget-text-editor\" data-id=\"bbd1da0\" data-element_type=\"widget\" data-widget_type=\"text-editor.default\">\n\t\t\t\t<div class=\"elementor-widget-container\">\n\t\t\t<style>\/*! elementor - v3.15.0 - 09-08-2023 *\/\n.elementor-widget-text-editor.elementor-drop-cap-view-stacked .elementor-drop-cap{background-color:#69727d;color:#fff}.elementor-widget-text-editor.elementor-drop-cap-view-framed .elementor-drop-cap{color:#69727d;border:3px solid;background-color:transparent}.elementor-widget-text-editor:not(.elementor-drop-cap-view-default) .elementor-drop-cap{margin-top:8px}.elementor-widget-text-editor:not(.elementor-drop-cap-view-default) .elementor-drop-cap-letter{width:1em;height:1em}.elementor-widget-text-editor .elementor-drop-cap{float:left;text-align:center;line-height:1;font-size:50px}.elementor-widget-text-editor .elementor-drop-cap-letter{display:inline-block}<\/style>\t\t\t\t<p>Trabajamos con la Sede de Justicia y abogados desde los inicios de nuestro despacho. Nuestra formaci\u00f3n en <a href=\"https:\/\/arquitax.com\/es\/perfil-profesional\/\" target=\"_blank\" rel=\"noopener\">Postgrado en Periciales<\/a> nos permite comunicarnos en un mismo lenguaje y entender cu\u00e1les son sus necesidades. Bajo una discreci\u00f3n m\u00e1xima damos una atenci\u00f3n muy personalizada.<\/p><p>Elaboramos y redactamos Informes T\u00e9cnicos, analizando y fundamentando, desde un punto de vista t\u00e9cnico, cualquier patolog\u00eda o da\u00f1o en los edificios o viviendas, as\u00ed como su valoraci\u00f3n econ\u00f3mica y las obras necesarias para su reparaci\u00f3n.<\/p>\t\t\t\t\t\t<\/div>\n\t\t\t\t<\/div>\n\t\t\t\t<div class=\"elementor-element elementor-element-f6c2484 elementor-align-center elementor-widget elementor-widget-button\" data-id=\"f6c2484\" data-element_type=\"widget\" data-widget_type=\"button.default\">\n\t\t\t\t<div class=\"elementor-widget-container\">\n\t\t\t\t\t<div class=\"elementor-button-wrapper\">\n\t\t\t<a class=\"elementor-button elementor-button-link elementor-size-sm\" href=\"https:\/\/arquitax.com\/es\/contacto\/\">\n\t\t\t\t\t\t<span class=\"elementor-button-content-wrapper\">\n\t\t\t\t\t\t<span class=\"elementor-button-icon elementor-align-icon-left\">\n\t\t\t\t<i aria-hidden=\"true\" class=\"far fa-edit\"><\/i>\t\t\t<\/span>\n\t\t\t\t\t\t<span class=\"elementor-button-text\">CONTACTA  con NOSOTROS<\/span>\n\t\t<\/span>\n\t\t\t\t\t<\/a>\n\t\t<\/div>\n\t\t\t\t<\/div>\n\t\t\t\t<\/div>\n\t\t\t\t\t<\/div>\n\t\t<\/div>\n\t\t\t\t\t\t\t<\/div>\n\t\t<\/section>\n\t\t\t\t<section class=\"elementor-section elementor-top-section elementor-element elementor-element-4e47c09 elementor-hidden-mobile elementor-section-boxed elementor-section-height-default elementor-section-height-default\" data-id=\"4e47c09\" data-element_type=\"section\" data-settings=\"{&quot;background_background&quot;:&quot;classic&quot;}\">\n\t\t\t\t\t\t<div class=\"elementor-container elementor-column-gap-default\">\n\t\t\t\t\t<div class=\"elementor-column elementor-col-100 elementor-top-column elementor-element elementor-element-c327c98\" data-id=\"c327c98\" data-element_type=\"column\">\n\t\t\t<div class=\"elementor-widget-wrap\">\n\t\t\t\t\t\t\t\t\t<\/div>\n\t\t<\/div>\n\t\t\t\t\t\t\t<\/div>\n\t\t<\/section>\n\t\t\t\t\t\t\t<\/div>\n\t\t","protected":false},"excerpt":{"rendered":"<p>Sede de la Justicia &#8211; Abogados Trabajamos con la Sede de Justicia y abogados desde los inicios de nuestro despacho. Nuestra formaci\u00f3n en Postgrado en Periciales nos permite comunicarnos en un mismo lenguaje y entender cu\u00e1les son sus necesidades. Bajo una discreci\u00f3n m\u00e1xima damos una atenci\u00f3n muy personalizada. Elaboramos y redactamos Informes T\u00e9cnicos, analizando y &hellip;<\/p>\n<p class=\"read-more\"> <a class=\"\" href=\"https:\/\/arquitax.com\/es\/sede-justicia-abogados\/\"> <span class=\"screen-reader-text\">SEDE  JUSTICIA &#8211; ABOGADOS<\/span> Leer m\u00e1s \u00bb<\/a><\/p>\n","protected":false},"author":1,"featured_media":0,"parent":0,"menu_order":0,"comment_status":"closed","ping_status":"closed","template":"elementor_header_footer","meta":{"site-sidebar-layout":"no-sidebar","site-content-layout":"page-builder","ast-global-header-display":"","ast-main-header-display":"","ast-hfb-above-header-display":"","ast-hfb-below-header-display":"","ast-hfb-mobile-header-display":"","site-post-title":"disabled","ast-breadcrumbs-content":"","ast-featured-img":"disabled","footer-sml-layout":"","theme-transparent-header-meta":"default","adv-header-id-meta":"","stick-header-meta":"default","header-above-stick-meta":"","header-main-stick-meta":"","header-below-stick-meta":"","footnotes":""},"class_list":["post-2589","page","type-page","status-publish","hentry"],"yoast_head":"<!-- This site is optimized with the Yoast SEO plugin v27.4 - https:\/\/yoast.com\/product\/yoast-seo-wordpress\/ -->\n<title>SEDE JUSTICIA - ABOGADOS - Arquitax | arquitectura T\u00c8CNICA<\/title>\n<meta name=\"robots\" content=\"index, follow, max-snippet:-1, max-image-preview:large, max-video-preview:-1\" \/>\n<link rel=\"canonical\" href=\"https:\/\/arquitax.com\/es\/sede-justicia-abogados\/\" \/>\n<meta property=\"og:locale\" content=\"es_ES\" \/>\n<meta property=\"og:type\" content=\"article\" \/>\n<meta property=\"og:title\" content=\"SEDE JUSTICIA - ABOGADOS - Arquitax | arquitectura T\u00c8CNICA\" \/>\n<meta property=\"og:description\" content=\"Sede de la Justicia &#8211; Abogados Trabajamos con la Sede de Justicia y abogados desde los inicios de nuestro despacho. Nuestra formaci\u00f3n en Postgrado en Periciales nos permite comunicarnos en un mismo lenguaje y entender cu\u00e1les son sus necesidades. Bajo una discreci\u00f3n m\u00e1xima damos una atenci\u00f3n muy personalizada. Elaboramos y redactamos Informes T\u00e9cnicos, analizando y &hellip; SEDE JUSTICIA &#8211; ABOGADOS Leer m\u00e1s \u00bb\" \/>\n<meta property=\"og:url\" content=\"https:\/\/arquitax.com\/es\/sede-justicia-abogados\/\" \/>\n<meta property=\"og:site_name\" content=\"Arquitax | arquitectura T\u00c8CNICA\" \/>\n<meta property=\"article:modified_time\" content=\"2023-01-07T19:03:16+00:00\" \/>\n<meta property=\"og:image\" content=\"https:\/\/arquitax.com\/wp-content\/uploads\/2022\/03\/Arquitax-1200X630.jpg\" \/>\n\t<meta property=\"og:image:width\" content=\"1200\" \/>\n\t<meta property=\"og:image:height\" content=\"630\" \/>\n\t<meta property=\"og:image:type\" content=\"image\/jpeg\" \/>\n<meta name=\"twitter:card\" content=\"summary_large_image\" \/>\n<meta name=\"twitter:label1\" content=\"Tiempo de lectura\" \/>\n\t<meta name=\"twitter:data1\" content=\"1 minuto\" \/>\n<script type=\"application\/ld+json\" class=\"yoast-schema-graph\">{\"@context\":\"https:\\\/\\\/schema.org\",\"@graph\":[{\"@type\":\"WebPage\",\"@id\":\"https:\\\/\\\/arquitax.com\\\/es\\\/sede-justicia-abogados\\\/\",\"url\":\"https:\\\/\\\/arquitax.com\\\/es\\\/sede-justicia-abogados\\\/\",\"name\":\"SEDE JUSTICIA - ABOGADOS - Arquitax | arquitectura T\u00c8CNICA\",\"isPartOf\":{\"@id\":\"https:\\\/\\\/arquitax.com\\\/#website\"},\"datePublished\":\"2022-02-20T22:11:46+00:00\",\"dateModified\":\"2023-01-07T19:03:16+00:00\",\"breadcrumb\":{\"@id\":\"https:\\\/\\\/arquitax.com\\\/es\\\/sede-justicia-abogados\\\/#breadcrumb\"},\"inLanguage\":\"es\",\"potentialAction\":[{\"@type\":\"ReadAction\",\"target\":[\"https:\\\/\\\/arquitax.com\\\/es\\\/sede-justicia-abogados\\\/\"]}]},{\"@type\":\"BreadcrumbList\",\"@id\":\"https:\\\/\\\/arquitax.com\\\/es\\\/sede-justicia-abogados\\\/#breadcrumb\",\"itemListElement\":[{\"@type\":\"ListItem\",\"position\":1,\"name\":\"Inici\",\"item\":\"https:\\\/\\\/arquitax.com\\\/es\\\/\"},{\"@type\":\"ListItem\",\"position\":2,\"name\":\"SEDE JUSTICIA &#8211; ABOGADOS\"}]},{\"@type\":\"WebSite\",\"@id\":\"https:\\\/\\\/arquitax.com\\\/#website\",\"url\":\"https:\\\/\\\/arquitax.com\\\/\",\"name\":\"Arquitax | arquitectura T\u00c8CNICA\",\"description\":\"Arquitax arquitectos t\u00e9cnicos y periciales en Andorra\",\"publisher\":{\"@id\":\"https:\\\/\\\/arquitax.com\\\/#organization\"},\"potentialAction\":[{\"@type\":\"SearchAction\",\"target\":{\"@type\":\"EntryPoint\",\"urlTemplate\":\"https:\\\/\\\/arquitax.com\\\/?s={search_term_string}\"},\"query-input\":{\"@type\":\"PropertyValueSpecification\",\"valueRequired\":true,\"valueName\":\"search_term_string\"}}],\"inLanguage\":\"es\"},{\"@type\":\"Organization\",\"@id\":\"https:\\\/\\\/arquitax.com\\\/#organization\",\"name\":\"Arquitax - Arquitectura T\u00e9cnica\",\"url\":\"https:\\\/\\\/arquitax.com\\\/\",\"logo\":{\"@type\":\"ImageObject\",\"inLanguage\":\"es\",\"@id\":\"https:\\\/\\\/arquitax.com\\\/#\\\/schema\\\/logo\\\/image\\\/\",\"url\":\"https:\\\/\\\/arquitax.com\\\/wp-content\\\/uploads\\\/2022\\\/02\\\/arquitax-logo-arquitecto-tecnico.jpg\",\"contentUrl\":\"https:\\\/\\\/arquitax.com\\\/wp-content\\\/uploads\\\/2022\\\/02\\\/arquitax-logo-arquitecto-tecnico.jpg\",\"width\":150,\"height\":106,\"caption\":\"Arquitax - Arquitectura T\u00e9cnica\"},\"image\":{\"@id\":\"https:\\\/\\\/arquitax.com\\\/#\\\/schema\\\/logo\\\/image\\\/\"}}]}<\/script>\n<!-- \/ Yoast SEO plugin. -->","yoast_head_json":{"title":"SEDE JUSTICIA - ABOGADOS - Arquitax | arquitectura T\u00c8CNICA","robots":{"index":"index","follow":"follow","max-snippet":"max-snippet:-1","max-image-preview":"max-image-preview:large","max-video-preview":"max-video-preview:-1"},"canonical":"https:\/\/arquitax.com\/es\/sede-justicia-abogados\/","og_locale":"es_ES","og_type":"article","og_title":"SEDE JUSTICIA - ABOGADOS - Arquitax | arquitectura T\u00c8CNICA","og_description":"Sede de la Justicia &#8211; Abogados Trabajamos con la Sede de Justicia y abogados desde los inicios de nuestro despacho. Nuestra formaci\u00f3n en Postgrado en Periciales nos permite comunicarnos en un mismo lenguaje y entender cu\u00e1les son sus necesidades. Bajo una discreci\u00f3n m\u00e1xima damos una atenci\u00f3n muy personalizada. Elaboramos y redactamos Informes T\u00e9cnicos, analizando y &hellip; SEDE JUSTICIA &#8211; ABOGADOS Leer m\u00e1s \u00bb","og_url":"https:\/\/arquitax.com\/es\/sede-justicia-abogados\/","og_site_name":"Arquitax | arquitectura T\u00c8CNICA","article_modified_time":"2023-01-07T19:03:16+00:00","og_image":[{"width":1200,"height":630,"url":"https:\/\/arquitax.com\/wp-content\/uploads\/2022\/03\/Arquitax-1200X630.jpg","type":"image\/jpeg"}],"twitter_card":"summary_large_image","twitter_misc":{"Tiempo de lectura":"1 minuto"},"schema":{"@context":"https:\/\/schema.org","@graph":[{"@type":"WebPage","@id":"https:\/\/arquitax.com\/es\/sede-justicia-abogados\/","url":"https:\/\/arquitax.com\/es\/sede-justicia-abogados\/","name":"SEDE JUSTICIA - ABOGADOS - Arquitax | arquitectura T\u00c8CNICA","isPartOf":{"@id":"https:\/\/arquitax.com\/#website"},"datePublished":"2022-02-20T22:11:46+00:00","dateModified":"2023-01-07T19:03:16+00:00","breadcrumb":{"@id":"https:\/\/arquitax.com\/es\/sede-justicia-abogados\/#breadcrumb"},"inLanguage":"es","potentialAction":[{"@type":"ReadAction","target":["https:\/\/arquitax.com\/es\/sede-justicia-abogados\/"]}]},{"@type":"BreadcrumbList","@id":"https:\/\/arquitax.com\/es\/sede-justicia-abogados\/#breadcrumb","itemListElement":[{"@type":"ListItem","position":1,"name":"Inici","item":"https:\/\/arquitax.com\/es\/"},{"@type":"ListItem","position":2,"name":"SEDE JUSTICIA &#8211; ABOGADOS"}]},{"@type":"WebSite","@id":"https:\/\/arquitax.com\/#website","url":"https:\/\/arquitax.com\/","name":"Arquitax | arquitectura T\u00c8CNICA","description":"Arquitax arquitectos t\u00e9cnicos y periciales en Andorra","publisher":{"@id":"https:\/\/arquitax.com\/#organization"},"potentialAction":[{"@type":"SearchAction","target":{"@type":"EntryPoint","urlTemplate":"https:\/\/arquitax.com\/?s={search_term_string}"},"query-input":{"@type":"PropertyValueSpecification","valueRequired":true,"valueName":"search_term_string"}}],"inLanguage":"es"},{"@type":"Organization","@id":"https:\/\/arquitax.com\/#organization","name":"Arquitax - Arquitectura T\u00e9cnica","url":"https:\/\/arquitax.com\/","logo":{"@type":"ImageObject","inLanguage":"es","@id":"https:\/\/arquitax.com\/#\/schema\/logo\/image\/","url":"https:\/\/arquitax.com\/wp-content\/uploads\/2022\/02\/arquitax-logo-arquitecto-tecnico.jpg","contentUrl":"https:\/\/arquitax.com\/wp-content\/uploads\/2022\/02\/arquitax-logo-arquitecto-tecnico.jpg","width":150,"height":106,"caption":"Arquitax - Arquitectura T\u00e9cnica"},"image":{"@id":"https:\/\/arquitax.com\/#\/schema\/logo\/image\/"}}]}},"_links":{"self":[{"href":"https:\/\/arquitax.com\/es\/wp-json\/wp\/v2\/pages\/2589","targetHints":{"allow":["GET"]}}],"collection":[{"href":"https:\/\/arquitax.com\/es\/wp-json\/wp\/v2\/pages"}],"about":[{"href":"https:\/\/arquitax.com\/es\/wp-json\/wp\/v2\/types\/page"}],"author":[{"embeddable":true,"href":"https:\/\/arquitax.com\/es\/wp-json\/wp\/v2\/users\/1"}],"replies":[{"embeddable":true,"href":"https:\/\/arquitax.com\/es\/wp-json\/wp\/v2\/comments?post=2589"}],"version-history":[{"count":24,"href":"https:\/\/arquitax.com\/es\/wp-json\/wp\/v2\/pages\/2589\/revisions"}],"predecessor-version":[{"id":7372,"href":"https:\/\/arquitax.com\/es\/wp-json\/wp\/v2\/pages\/2589\/revisions\/7372"}],"wp:attachment":[{"href":"https:\/\/arquitax.com\/es\/wp-json\/wp\/v2\/media?parent=2589"}],"curies":[{"name":"wp","href":"https:\/\/api.w.org\/{rel}","templated":true}]}}